


{"id":3178,"date":"2019-04-17T22:33:08","date_gmt":"2019-04-17T20:33:08","guid":{"rendered":"http:\/\/remi-lacombe.com\/captfa\/?page_id=3178"},"modified":"2019-09-26T14:58:25","modified_gmt":"2019-09-26T12:58:25","slug":"conseil","status":"publish","type":"page","link":"https:\/\/www.captfa.fr\/index.php\/conseil\/","title":{"rendered":"Conseil"},"content":{"rendered":"\t\t<div data-elementor-type=\"wp-post\" data-elementor-id=\"3178\" class=\"elementor elementor-3178\" data-elementor-settings=\"[]\">\n\t\t\t\t\t\t<div class=\"elementor-inner\">\n\t\t\t\t\t\t\t<div class=\"elementor-section-wrap\">\n\t\t\t\t\t\t\t<section class=\"elementor-section elementor-top-section elementor-element elementor-element-b4a3365 elementor-section-boxed elementor-section-height-default elementor-section-height-default\" data-id=\"b4a3365\" data-element_type=\"section\">\n\t\t\t\t\t\t<div class=\"elementor-container elementor-column-gap-default\">\n\t\t\t\t\t\t\t<div class=\"elementor-row\">\n\t\t\t\t\t<div class=\"elementor-column elementor-col-100 elementor-top-column elementor-element elementor-element-3879114\" data-id=\"3879114\" data-element_type=\"column\">\n\t\t\t<div class=\"elementor-column-wrap elementor-element-populated\">\n\t\t\t\t\t\t\t<div class=\"elementor-widget-wrap\">\n\t\t\t\t\t\t<div class=\"elementor-element elementor-element-3023e17 bddex-dual-header-content-align-left elementor-widget elementor-widget-bddex-dual-color-header\" data-id=\"3023e17\" data-element_type=\"widget\" data-widget_type=\"bddex-dual-color-header.default\">\n\t\t\t\t<div class=\"elementor-widget-container\">\n\t\t\t\t\t<div class=\"bddex-dual-header\">\n\t\t<h2 class=\"title\"><span class=\"lead\">CONSEIL<\/span> <span>Cap TFA<\/span><\/h2>\n\t   <span class=\"subtext\">Nous mettons \u00e0 votre disposition 20 ann\u00e9es d&#039;exp\u00e9rience dans l&#039;accompagnement des \u00e9quipes et des organisations. <\/span>\n\t   \t<\/div>\n\t\n\t\n\t\n\t\n\t\t\t<\/div>\n\t\t\t\t<\/div>\n\t\t\t\t\t\t<\/div>\n\t\t\t\t\t<\/div>\n\t\t<\/div>\n\t\t\t\t\t\t\t\t<\/div>\n\t\t\t\t\t<\/div>\n\t\t<\/section>\n\t\t\t\t<section class=\"elementor-section elementor-top-section elementor-element elementor-element-77fce00 elementor-section-boxed elementor-section-height-default elementor-section-height-default\" data-id=\"77fce00\" data-element_type=\"section\">\n\t\t\t\t\t\t<div class=\"elementor-container elementor-column-gap-default\">\n\t\t\t\t\t\t\t<div class=\"elementor-row\">\n\t\t\t\t\t<div class=\"elementor-column elementor-col-100 elementor-top-column elementor-element elementor-element-b91e94c\" data-id=\"b91e94c\" data-element_type=\"column\">\n\t\t\t<div class=\"elementor-column-wrap elementor-element-populated\">\n\t\t\t\t\t\t\t<div class=\"elementor-widget-wrap\">\n\t\t\t\t\t\t<div class=\"elementor-element elementor-element-5a5936e elementor-widget elementor-widget-text-editor\" data-id=\"5a5936e\" data-element_type=\"widget\" data-widget_type=\"text-editor.default\">\n\t\t\t\t<div class=\"elementor-widget-container\">\n\t\t\t\t\t\t\t\t<div class=\"elementor-text-editor elementor-clearfix\">\n\t\t\t\t<p>Notre approche se fonde sur <strong>3 piliers<\/strong> :<\/p><ul><li>Une attention particuli\u00e8re est port\u00e9e aux besoins de l&rsquo;organisation et aux enjeux pour lesquels votre demande est exprim\u00e9e. Pour cela, chaque action est b\u00e2tie au regard de votre contexte,<\/li><li>Une volont\u00e9 d&rsquo;int\u00e9grer notre action en accord avec la strat\u00e9gie et le projet de votre entreprise,<\/li><li>La capacit\u00e9 de concr\u00e9tiser des prestations, attentives au bon \u00e9quilibre entre optimisation des r\u00e9sultats et respect des rythmes des \u00e9quipes.<\/li><\/ul><p>Donnons-nous alors la possibilit\u00e9 de discuter de vos enjeux et de vos projets !<\/p>\t\t\t\t\t<\/div>\n\t\t\t\t\t\t<\/div>\n\t\t\t\t<\/div>\n\t\t\t\t\t\t<\/div>\n\t\t\t\t\t<\/div>\n\t\t<\/div>\n\t\t\t\t\t\t\t\t<\/div>\n\t\t\t\t\t<\/div>\n\t\t<\/section>\n\t\t\t\t<section class=\"elementor-section elementor-top-section elementor-element elementor-element-0c67028 elementor-section-boxed elementor-section-height-default elementor-section-height-default\" data-id=\"0c67028\" data-element_type=\"section\">\n\t\t\t\t\t\t<div class=\"elementor-container elementor-column-gap-default\">\n\t\t\t\t\t\t\t<div class=\"elementor-row\">\n\t\t\t\t\t<div class=\"elementor-column elementor-col-100 elementor-top-column elementor-element elementor-element-c60f5a1\" data-id=\"c60f5a1\" data-element_type=\"column\">\n\t\t\t<div class=\"elementor-column-wrap elementor-element-populated\">\n\t\t\t\t\t\t\t<div class=\"elementor-widget-wrap\">\n\t\t\t\t\t\t<div class=\"elementor-element elementor-element-700edf7 elementor-widget elementor-widget-lae-heading\" data-id=\"700edf7\" data-element_type=\"widget\" data-widget_type=\"lae-heading.default\">\n\t\t\t\t<div class=\"elementor-widget-container\">\n\t\t\t\n   <!--       -->\n\n        <div class=\"lae-heading lae-style3 lae-aligncenter\" >\n\n            \n            <h3 class=\"lae-title\">Direction et Encadrement<\/h3>\n\n            \n        <\/div>\n\n        \t\t<\/div>\n\t\t\t\t<\/div>\n\t\t\t\t\t\t<\/div>\n\t\t\t\t\t<\/div>\n\t\t<\/div>\n\t\t\t\t\t\t\t\t<\/div>\n\t\t\t\t\t<\/div>\n\t\t<\/section>\n\t\t\t\t<section class=\"elementor-section elementor-top-section elementor-element elementor-element-90ad5b2 elementor-section-boxed elementor-section-height-default elementor-section-height-default\" data-id=\"90ad5b2\" data-element_type=\"section\" data-settings=\"{&quot;background_background&quot;:&quot;classic&quot;}\">\n\t\t\t\t\t\t<div class=\"elementor-container elementor-column-gap-default\">\n\t\t\t\t\t\t\t<div class=\"elementor-row\">\n\t\t\t\t\t<div class=\"elementor-column elementor-col-50 elementor-top-column elementor-element elementor-element-6844224\" data-id=\"6844224\" data-element_type=\"column\" data-settings=\"{&quot;background_background&quot;:&quot;classic&quot;}\">\n\t\t\t<div class=\"elementor-column-wrap elementor-element-populated\">\n\t\t\t\t\t\t\t<div class=\"elementor-widget-wrap\">\n\t\t\t\t\t\t<div class=\"elementor-element elementor-element-56b1ae0 elementor-widget elementor-widget-text-editor\" data-id=\"56b1ae0\" data-element_type=\"widget\" data-widget_type=\"text-editor.default\">\n\t\t\t\t<div class=\"elementor-widget-container\">\n\t\t\t\t\t\t\t\t<div class=\"elementor-text-editor elementor-clearfix\">\n\t\t\t\t<p class=\"nomargin\">Accompagnement individuel \/ Coaching<\/p>\t\t\t\t\t<\/div>\n\t\t\t\t\t\t<\/div>\n\t\t\t\t<\/div>\n\t\t\t\t<div class=\"elementor-element elementor-element-d490233 elementor-widget elementor-widget-text-editor\" data-id=\"d490233\" data-element_type=\"widget\" data-widget_type=\"text-editor.default\">\n\t\t\t\t<div class=\"elementor-widget-container\">\n\t\t\t\t\t\t\t\t<div class=\"elementor-text-editor elementor-clearfix\">\n\t\t\t\t<ul><li>Dans la prise de fonction<\/li><li>Lors d\u2019une \u00e9volution de poste<\/li><li>Dans la conduite du changement<\/li><li>Dans le pilotage d\u2019un \u00e9v\u00e9nement \u00ab phare \u00bb<\/li><li>Lors d\u2019un \u00e9tat de blocage<\/li><li>Analyse des pratiques<\/li><\/ul>\t\t\t\t\t<\/div>\n\t\t\t\t\t\t<\/div>\n\t\t\t\t<\/div>\n\t\t\t\t\t\t<\/div>\n\t\t\t\t\t<\/div>\n\t\t<\/div>\n\t\t\t\t<div class=\"elementor-column elementor-col-50 elementor-top-column elementor-element elementor-element-1f4a33d\" data-id=\"1f4a33d\" data-element_type=\"column\" data-settings=\"{&quot;background_background&quot;:&quot;classic&quot;}\">\n\t\t\t<div class=\"elementor-column-wrap elementor-element-populated\">\n\t\t\t\t\t\t\t<div class=\"elementor-widget-wrap\">\n\t\t\t\t\t\t<div class=\"elementor-element elementor-element-298c015 elementor-widget elementor-widget-text-editor\" data-id=\"298c015\" data-element_type=\"widget\" data-widget_type=\"text-editor.default\">\n\t\t\t\t<div class=\"elementor-widget-container\">\n\t\t\t\t\t\t\t\t<div class=\"elementor-text-editor elementor-clearfix\">\n\t\t\t\t<p class=\"nomargin\">Accompagnement collectif \/ Team Building<\/p>\t\t\t\t\t<\/div>\n\t\t\t\t\t\t<\/div>\n\t\t\t\t<\/div>\n\t\t\t\t<div class=\"elementor-element elementor-element-a29bc92 elementor-widget elementor-widget-text-editor\" data-id=\"a29bc92\" data-element_type=\"widget\" data-widget_type=\"text-editor.default\">\n\t\t\t\t<div class=\"elementor-widget-container\">\n\t\t\t\t\t\t\t\t<div class=\"elementor-text-editor elementor-clearfix\">\n\t\t\t\t<ul><li>S\u00e9minaire de coh\u00e9sion d\u2019\u00e9quipe<\/li><li>Learning by action (outdoor)<\/li><li>Horse building (outdoor)<\/li><li>Dynamisation de la coh\u00e9rence et du fonctionnement de l\u2019\u00e9quipe avec le MBTI<\/li><\/ul>\t\t\t\t\t<\/div>\n\t\t\t\t\t\t<\/div>\n\t\t\t\t<\/div>\n\t\t\t\t\t\t<\/div>\n\t\t\t\t\t<\/div>\n\t\t<\/div>\n\t\t\t\t\t\t\t\t<\/div>\n\t\t\t\t\t<\/div>\n\t\t<\/section>\n\t\t\t\t<section class=\"elementor-section elementor-top-section elementor-element elementor-element-82759be elementor-section-boxed elementor-section-height-default elementor-section-height-default\" data-id=\"82759be\" data-element_type=\"section\" data-settings=\"{&quot;background_background&quot;:&quot;classic&quot;}\">\n\t\t\t\t\t\t<div class=\"elementor-container elementor-column-gap-default\">\n\t\t\t\t\t\t\t<div class=\"elementor-row\">\n\t\t\t\t\t<div class=\"elementor-column elementor-col-50 elementor-top-column elementor-element elementor-element-d4300ad\" data-id=\"d4300ad\" data-element_type=\"column\" data-settings=\"{&quot;background_background&quot;:&quot;classic&quot;}\">\n\t\t\t<div class=\"elementor-column-wrap elementor-element-populated\">\n\t\t\t\t\t\t\t<div class=\"elementor-widget-wrap\">\n\t\t\t\t\t\t<div class=\"elementor-element elementor-element-c20d5b8 elementor-widget elementor-widget-text-editor\" data-id=\"c20d5b8\" data-element_type=\"widget\" data-widget_type=\"text-editor.default\">\n\t\t\t\t<div class=\"elementor-widget-container\">\n\t\t\t\t\t\t\t\t<div class=\"elementor-text-editor elementor-clearfix\">\n\t\t\t\t<p class=\"nomargin\">Accompagnement des organisations<\/p>\t\t\t\t\t<\/div>\n\t\t\t\t\t\t<\/div>\n\t\t\t\t<\/div>\n\t\t\t\t<div class=\"elementor-element elementor-element-f84ed1d elementor-widget elementor-widget-text-editor\" data-id=\"f84ed1d\" data-element_type=\"widget\" data-widget_type=\"text-editor.default\">\n\t\t\t\t<div class=\"elementor-widget-container\">\n\t\t\t\t\t\t\t\t<div class=\"elementor-text-editor elementor-clearfix\">\n\t\t\t\t<ul><li>Conduite de changement<\/li><li>Diagnostic et accompagnement dans la mise en \u0153uvre du plan d\u2019actions d\u2019une d\u00e9marche R.P.S (Risques Psychosociaux)<\/li><li>Audit organisationnel et humain<\/li><li>Mise en place de processus et proc\u00e9dures li\u00e9es aux relations humaines\u00a0 et dans des circonstances particuli\u00e8res : r\u00e9accueil,\u00a0 recrutement, prise en charge du salari\u00e9 agress\u00e9,\u00a0 alerte\u2026<\/li><\/ul>\t\t\t\t\t<\/div>\n\t\t\t\t\t\t<\/div>\n\t\t\t\t<\/div>\n\t\t\t\t\t\t<\/div>\n\t\t\t\t\t<\/div>\n\t\t<\/div>\n\t\t\t\t<div class=\"elementor-column elementor-col-50 elementor-top-column elementor-element elementor-element-8effcec\" data-id=\"8effcec\" data-element_type=\"column\" data-settings=\"{&quot;background_background&quot;:&quot;classic&quot;}\">\n\t\t\t<div class=\"elementor-column-wrap elementor-element-populated\">\n\t\t\t\t\t\t\t<div class=\"elementor-widget-wrap\">\n\t\t\t\t\t\t<div class=\"elementor-element elementor-element-6fb7e87 elementor-widget elementor-widget-text-editor\" data-id=\"6fb7e87\" data-element_type=\"widget\" data-widget_type=\"text-editor.default\">\n\t\t\t\t<div class=\"elementor-widget-container\">\n\t\t\t\t\t\t\t\t<div class=\"elementor-text-editor elementor-clearfix\">\n\t\t\t\t<p class=\"nomargin\">Recrutement et Assessment des potentiels<\/p>\t\t\t\t\t<\/div>\n\t\t\t\t\t\t<\/div>\n\t\t\t\t<\/div>\n\t\t\t\t<div class=\"elementor-element elementor-element-c1d40e4 elementor-widget elementor-widget-text-editor\" data-id=\"c1d40e4\" data-element_type=\"widget\" data-widget_type=\"text-editor.default\">\n\t\t\t\t<div class=\"elementor-widget-container\">\n\t\t\t\t\t\t\t\t<div class=\"elementor-text-editor elementor-clearfix\">\n\t\t\t\t<ul><li>Recherche et \u00e9valuation de candidat externe<\/li><li>D\u00e9veloppement de tests et de mises en situation adapt\u00e9s au contexte<\/li><li>Evaluation des capacit\u00e9s et potentiels<\/li><li>Gestion de l\u2019ensemble du processus de recrutement lors de \u00ab recrutement s de masse \u00bb<\/li><\/ul>\t\t\t\t\t<\/div>\n\t\t\t\t\t\t<\/div>\n\t\t\t\t<\/div>\n\t\t\t\t\t\t<\/div>\n\t\t\t\t\t<\/div>\n\t\t<\/div>\n\t\t\t\t\t\t\t\t<\/div>\n\t\t\t\t\t<\/div>\n\t\t<\/section>\n\t\t\t\t<section class=\"elementor-section elementor-top-section elementor-element elementor-element-99eff65 elementor-section-boxed elementor-section-height-default elementor-section-height-default\" data-id=\"99eff65\" data-element_type=\"section\">\n\t\t\t\t\t\t<div class=\"elementor-container elementor-column-gap-default\">\n\t\t\t\t\t\t\t<div class=\"elementor-row\">\n\t\t\t\t\t<div class=\"elementor-column elementor-col-100 elementor-top-column elementor-element elementor-element-3614cbe\" data-id=\"3614cbe\" data-element_type=\"column\">\n\t\t\t<div class=\"elementor-column-wrap elementor-element-populated\">\n\t\t\t\t\t\t\t<div class=\"elementor-widget-wrap\">\n\t\t\t\t\t\t<div class=\"elementor-element elementor-element-33fa530 elementor-widget elementor-widget-lae-heading\" data-id=\"33fa530\" data-element_type=\"widget\" data-widget_type=\"lae-heading.default\">\n\t\t\t\t<div class=\"elementor-widget-container\">\n\t\t\t\n   <!--       -->\n\n        <div class=\"lae-heading lae-style3 lae-aligncenter\" >\n\n            \n            <h3 class=\"lae-title\">Op\u00e9rationnels<\/h3>\n\n            \n        <\/div>\n\n        \t\t<\/div>\n\t\t\t\t<\/div>\n\t\t\t\t\t\t<\/div>\n\t\t\t\t\t<\/div>\n\t\t<\/div>\n\t\t\t\t\t\t\t\t<\/div>\n\t\t\t\t\t<\/div>\n\t\t<\/section>\n\t\t\t\t<section class=\"elementor-section elementor-top-section elementor-element elementor-element-74bbcb3 elementor-section-boxed elementor-section-height-default elementor-section-height-default\" data-id=\"74bbcb3\" data-element_type=\"section\" data-settings=\"{&quot;background_background&quot;:&quot;classic&quot;}\">\n\t\t\t\t\t\t<div class=\"elementor-container elementor-column-gap-default\">\n\t\t\t\t\t\t\t<div class=\"elementor-row\">\n\t\t\t\t\t<div class=\"elementor-column elementor-col-50 elementor-top-column elementor-element elementor-element-6c74bf4\" data-id=\"6c74bf4\" data-element_type=\"column\" data-settings=\"{&quot;background_background&quot;:&quot;classic&quot;}\">\n\t\t\t<div class=\"elementor-column-wrap elementor-element-populated\">\n\t\t\t\t\t\t\t<div class=\"elementor-widget-wrap\">\n\t\t\t\t\t\t<div class=\"elementor-element elementor-element-a961d99 elementor-widget elementor-widget-text-editor\" data-id=\"a961d99\" data-element_type=\"widget\" data-widget_type=\"text-editor.default\">\n\t\t\t\t<div class=\"elementor-widget-container\">\n\t\t\t\t\t\t\t\t<div class=\"elementor-text-editor elementor-clearfix\">\n\t\t\t\t<p class=\"nomargin\">Accompagnement individuel<\/p>\t\t\t\t\t<\/div>\n\t\t\t\t\t\t<\/div>\n\t\t\t\t<\/div>\n\t\t\t\t<div class=\"elementor-element elementor-element-1f7a89b elementor-widget elementor-widget-text-editor\" data-id=\"1f7a89b\" data-element_type=\"widget\" data-widget_type=\"text-editor.default\">\n\t\t\t\t<div class=\"elementor-widget-container\">\n\t\t\t\t\t\t\t\t<div class=\"elementor-text-editor elementor-clearfix\">\n\t\t\t\t<ul><li>Accompagnement pour r\u00e9pondre \u00e0 un besoin cl\u00e9 ou d\u2019\u00e9volution du poste<\/li><li>Analyse des pratiques<\/li><li>Soutien et accompagnement dans le cadre d\u2019une agression (la victime et son entourage<\/li><\/ul>\t\t\t\t\t<\/div>\n\t\t\t\t\t\t<\/div>\n\t\t\t\t<\/div>\n\t\t\t\t\t\t<\/div>\n\t\t\t\t\t<\/div>\n\t\t<\/div>\n\t\t\t\t<div class=\"elementor-column elementor-col-50 elementor-top-column elementor-element elementor-element-091d53f\" data-id=\"091d53f\" data-element_type=\"column\" data-settings=\"{&quot;background_background&quot;:&quot;classic&quot;}\">\n\t\t\t<div class=\"elementor-column-wrap elementor-element-populated\">\n\t\t\t\t\t\t\t<div class=\"elementor-widget-wrap\">\n\t\t\t\t\t\t<div class=\"elementor-element elementor-element-46e3e6f elementor-widget elementor-widget-text-editor\" data-id=\"46e3e6f\" data-element_type=\"widget\" data-widget_type=\"text-editor.default\">\n\t\t\t\t<div class=\"elementor-widget-container\">\n\t\t\t\t\t\t\t\t<div class=\"elementor-text-editor elementor-clearfix\">\n\t\t\t\t<p class=\"nomargin\">Accompagnement collectif<\/p>\t\t\t\t\t<\/div>\n\t\t\t\t\t\t<\/div>\n\t\t\t\t<\/div>\n\t\t\t\t<div class=\"elementor-element elementor-element-797b434 elementor-widget elementor-widget-text-editor\" data-id=\"797b434\" data-element_type=\"widget\" data-widget_type=\"text-editor.default\">\n\t\t\t\t<div class=\"elementor-widget-container\">\n\t\t\t\t\t\t\t\t<div class=\"elementor-text-editor elementor-clearfix\">\n\t\t\t\t<ul><li>Mise en place de groupe de paroles<\/li><li>D\u00e9veloppement du fonctionnement de l\u2019\u00e9quipe<\/li><\/ul>\t\t\t\t\t<\/div>\n\t\t\t\t\t\t<\/div>\n\t\t\t\t<\/div>\n\t\t\t\t\t\t<\/div>\n\t\t\t\t\t<\/div>\n\t\t<\/div>\n\t\t\t\t\t\t\t\t<\/div>\n\t\t\t\t\t<\/div>\n\t\t<\/section>\n\t\t\t\t\t\t<\/div>\n\t\t\t\t\t\t<\/div>\n\t\t\t\t\t<\/div>\n\t\t","protected":false},"excerpt":{"rendered":"<p>CONSEIL Cap TFA Nous mettons \u00e0 votre disposition 20 ann\u00e9es d&#039;exp\u00e9rience dans l&#039;accompagnement des \u00e9quipes et des organisations. Notre approche se fonde sur 3 piliers : Une attention particuli\u00e8re est port\u00e9e aux besoins de l&rsquo;organisation et aux enjeux pour lesquels votre demande est exprim\u00e9e. Pour cela, chaque action est b\u00e2tie au regard de votre contexte,.<\/p>\n","protected":false},"author":1,"featured_media":0,"parent":0,"menu_order":0,"comment_status":"closed","ping_status":"closed","template":"","meta":[],"categories":[],"tags":[],"acf":[],"_links":{"self":[{"href":"https:\/\/www.captfa.fr\/index.php\/wp-json\/wp\/v2\/pages\/3178"}],"collection":[{"href":"https:\/\/www.captfa.fr\/index.php\/wp-json\/wp\/v2\/pages"}],"about":[{"href":"https:\/\/www.captfa.fr\/index.php\/wp-json\/wp\/v2\/types\/page"}],"author":[{"embeddable":true,"href":"https:\/\/www.captfa.fr\/index.php\/wp-json\/wp\/v2\/users\/1"}],"replies":[{"embeddable":true,"href":"https:\/\/www.captfa.fr\/index.php\/wp-json\/wp\/v2\/comments?post=3178"}],"version-history":[{"count":42,"href":"https:\/\/www.captfa.fr\/index.php\/wp-json\/wp\/v2\/pages\/3178\/revisions"}],"predecessor-version":[{"id":3869,"href":"https:\/\/www.captfa.fr\/index.php\/wp-json\/wp\/v2\/pages\/3178\/revisions\/3869"}],"wp:attachment":[{"href":"https:\/\/www.captfa.fr\/index.php\/wp-json\/wp\/v2\/media?parent=3178"}],"wp:term":[{"taxonomy":"category","embeddable":true,"href":"https:\/\/www.captfa.fr\/index.php\/wp-json\/wp\/v2\/categories?post=3178"},{"taxonomy":"post_tag","embeddable":true,"href":"https:\/\/www.captfa.fr\/index.php\/wp-json\/wp\/v2\/tags?post=3178"}],"curies":[{"name":"wp","href":"https:\/\/api.w.org\/{rel}","templated":true}]}}